{"id":1579,"date":"2024-11-19T10:13:45","date_gmt":"2024-11-19T10:13:45","guid":{"rendered":"https:\/\/mangocreativestudio.com\/blog\/"},"modified":"2025-01-21T10:03:19","modified_gmt":"2025-01-21T10:03:19","slug":"blog-de-negocios-y-emprendedores","status":"publish","type":"page","link":"https:\/\/mangocreativestudio.com\/es\/blog-de-negocios-y-emprendedores\/","title":{"rendered":"BLOG"},"content":{"rendered":"\t\t<div data-elementor-type=\"wp-page\" data-elementor-id=\"1579\" class=\"elementor elementor-1579 elementor-33\" data-elementor-post-type=\"page\">\n\t\t\t\t<div class=\"elementor-element elementor-element-0a53cfd e-flex e-con-boxed e-con e-parent\" data-id=\"0a53cfd\" data-element_type=\"container\">\n\t\t\t\t\t<div class=\"e-con-inner\">\n\t\t\t\t<div class=\"elementor-element elementor-element-dde50ac elementor-widget-divider--view-line elementor-widget elementor-widget-divider\" data-id=\"dde50ac\" data-element_type=\"widget\" data-widget_type=\"divider.default\">\n\t\t\t\t<div class=\"elementor-widget-container\">\n\t\t\t\t\t\t\t<div class=\"elementor-divider\">\n\t\t\t<span class=\"elementor-divider-separator\">\n\t\t\t\t\t\t<\/span>\n\t\t<\/div>\n\t\t\t\t\t\t<\/div>\n\t\t\t\t<\/div>\n\t\t\t\t\t<\/div>\n\t\t\t\t<\/div>\n\t\t<div class=\"elementor-element elementor-element-47e08a0 e-flex e-con-boxed e-con e-parent\" data-id=\"47e08a0\" data-element_type=\"container\">\n\t\t\t\t\t<div class=\"e-con-inner\">\n\t\t\t\t<div class=\"elementor-element elementor-element-b999e31 elementor-widget elementor-widget-spacer\" data-id=\"b999e31\" data-element_type=\"widget\" data-widget_type=\"spacer.default\">\n\t\t\t\t<div class=\"elementor-widget-container\">\n\t\t\t\t\t\t\t<div class=\"elementor-spacer\">\n\t\t\t<div class=\"elementor-spacer-inner\"><\/div>\n\t\t<\/div>\n\t\t\t\t\t\t<\/div>\n\t\t\t\t<\/div>\n\t\t\t\t\t<\/div>\n\t\t\t\t<\/div>\n\t\t<div class=\"elementor-element elementor-element-2ab41da e-flex e-con-boxed e-con e-parent\" data-id=\"2ab41da\" data-element_type=\"container\">\n\t\t\t\t\t<div class=\"e-con-inner\">\n\t\t<div class=\"elementor-element elementor-element-19ba522 e-con-full e-flex e-con e-child\" data-id=\"19ba522\" data-element_type=\"container\">\n\t\t\t\t<div class=\"elementor-element elementor-element-db21eb1 elementor-widget elementor-widget-heading\" data-id=\"db21eb1\" data-element_type=\"widget\" data-widget_type=\"heading.default\">\n\t\t\t\t<div class=\"elementor-widget-container\">\n\t\t\t\t\t<h2 class=\"elementor-heading-title elementor-size-default\">BLOG<\/h2>\t\t\t\t<\/div>\n\t\t\t\t<\/div>\n\t\t\t\t<div class=\"elementor-element elementor-element-9e5b161 elementor-widget elementor-widget-text-editor\" data-id=\"9e5b161\" data-element_type=\"widget\" data-widget_type=\"text-editor.default\">\n\t\t\t\t<div class=\"elementor-widget-container\">\n\t\t\t\t\t\t\t\t\t<p>Este es un espacio para emprendedores en modo on crecimiento, donde aprender\u00e1s conceptos clave y estrategias pr\u00e1cticas que impulsar\u00e1s el \u00e9xito de tu empresa.<\/p>\n<p>Cada art\u00edculo est\u00e1 dise\u00f1ado para brindarte el conocimiento necesario y herramientas valiosas que te ayudar\u00e1n a tomar decisiones informadas y a escalar tu negocio de manera efectiva.<\/p>\n\t\t\t\t\t\t\t\t<\/div>\n\t\t\t\t<\/div>\n\t\t\t\t<\/div>\n\t\t<div class=\"elementor-element elementor-element-8e303d7 e-con-full e-flex e-con e-child\" data-id=\"8e303d7\" data-element_type=\"container\">\n\t\t\t\t<\/div>\n\t\t<div class=\"elementor-element elementor-element-60ea23e e-con-full e-flex e-con e-child\" data-id=\"60ea23e\" data-element_type=\"container\">\n\t\t\t\t<div class=\"elementor-element elementor-element-32a51d7 elementor-widget elementor-widget-button\" data-id=\"32a51d7\" data-element_type=\"widget\" data-widget_type=\"button.default\">\n\t\t\t\t<div class=\"elementor-widget-container\">\n\t\t\t\t\t\t\t\t\t<div class=\"elementor-button-wrapper\">\n\t\t\t\t\t<a class=\"elementor-button elementor-button-link elementor-size-sm\" href=\"https:\/\/mangocreativestudio.com\/es\/blog\/#subscribe\">\n\t\t\t\t\t\t<span class=\"elementor-button-content-wrapper\">\n\t\t\t\t\t\t\t\t\t<span class=\"elementor-button-text\">SUSCR\u00cdBETE<\/span>\n\t\t\t\t\t<\/span>\n\t\t\t\t\t<\/a>\n\t\t\t\t<\/div>\n\t\t\t\t\t\t\t\t<\/div>\n\t\t\t\t<\/div>\n\t\t\t\t<\/div>\n\t\t\t\t\t<\/div>\n\t\t\t\t<\/div>\n\t\t<div class=\"elementor-element elementor-element-2ac7a41 e-flex e-con-boxed e-con e-parent\" data-id=\"2ac7a41\" data-element_type=\"container\">\n\t\t\t\t\t<div class=\"e-con-inner\">\n\t\t\t\t<div class=\"elementor-element elementor-element-20987d2 elementor-widget elementor-widget-spacer\" data-id=\"20987d2\" data-element_type=\"widget\" data-widget_type=\"spacer.default\">\n\t\t\t\t<div class=\"elementor-widget-container\">\n\t\t\t\t\t\t\t<div class=\"elementor-spacer\">\n\t\t\t<div class=\"elementor-spacer-inner\"><\/div>\n\t\t<\/div>\n\t\t\t\t\t\t<\/div>\n\t\t\t\t<\/div>\n\t\t\t\t\t<\/div>\n\t\t\t\t<\/div>\n\t\t<div class=\"elementor-element elementor-element-5c81a77 e-flex e-con-boxed e-con e-parent\" data-id=\"5c81a77\" data-element_type=\"container\">\n\t\t\t\t\t<div class=\"e-con-inner\">\n\t\t\t\t<div class=\"elementor-element elementor-element-cebc12d elementor-widget-divider--view-line elementor-widget elementor-widget-divider\" data-id=\"cebc12d\" data-element_type=\"widget\" data-widget_type=\"divider.default\">\n\t\t\t\t<div class=\"elementor-widget-container\">\n\t\t\t\t\t\t\t<div class=\"elementor-divider\">\n\t\t\t<span class=\"elementor-divider-separator\">\n\t\t\t\t\t\t<\/span>\n\t\t<\/div>\n\t\t\t\t\t\t<\/div>\n\t\t\t\t<\/div>\n\t\t\t\t\t<\/div>\n\t\t\t\t<\/div>\n\t\t<div class=\"elementor-element elementor-element-fe88556 e-flex e-con-boxed e-con e-parent\" data-id=\"fe88556\" data-element_type=\"container\">\n\t\t\t\t\t<div class=\"e-con-inner\">\n\t\t<div class=\"elementor-element elementor-element-2e23e22 e-con-full e-flex e-con e-child\" data-id=\"2e23e22\" data-element_type=\"container\">\n\t\t\t\t<div class=\"elementor-element elementor-element-cbd1ed9 elementor-grid-2 elementor-posts__hover-none elementor-widget__width-initial elementor-grid-tablet-2 elementor-grid-mobile-1 elementor-posts--thumbnail-top elementor-posts--show-avatar elementor-widget elementor-widget-posts\" data-id=\"cbd1ed9\" data-element_type=\"widget\" data-settings=\"{&quot;cards_columns&quot;:&quot;2&quot;,&quot;cards_columns_tablet&quot;:&quot;2&quot;,&quot;cards_columns_mobile&quot;:&quot;1&quot;,&quot;cards_row_gap&quot;:{&quot;unit&quot;:&quot;px&quot;,&quot;size&quot;:35,&quot;sizes&quot;:[]},&quot;cards_row_gap_tablet&quot;:{&quot;unit&quot;:&quot;px&quot;,&quot;size&quot;:&quot;&quot;,&quot;sizes&quot;:[]},&quot;cards_row_gap_mobile&quot;:{&quot;unit&quot;:&quot;px&quot;,&quot;size&quot;:&quot;&quot;,&quot;sizes&quot;:[]}}\" data-widget_type=\"posts.cards\">\n\t\t\t\t<div class=\"elementor-widget-container\">\n\t\t\t\t\t\t\t<div class=\"elementor-posts-container elementor-posts elementor-posts--skin-cards elementor-grid\" role=\"list\">\n\t\t\t\t<article class=\"elementor-post elementor-grid-item post-4204 post type-post status-publish format-standard has-post-thumbnail hentry category-sitios-webs\" role=\"listitem\">\n\t\t\t<div class=\"elementor-post__card\">\n\t\t\t\t<a class=\"elementor-post__thumbnail__link\" href=\"https:\/\/mangocreativestudio.com\/es\/redes-sociales-vs-paginas-webs\/\" tabindex=\"-1\"><div class=\"elementor-post__thumbnail\"><img fetchpriority=\"high\" decoding=\"async\" width=\"733\" height=\"400\" src=\"https:\/\/mangocreativestudio.com\/wp-content\/uploads\/2025\/01\/Web-Site-vs-Social-Media.webp\" class=\"attachment-full size-full wp-image-4059\" alt=\"Business team brainstorming social media strategies for online marketing success.\" srcset=\"https:\/\/mangocreativestudio.com\/wp-content\/uploads\/2025\/01\/Web-Site-vs-Social-Media.webp 733w, https:\/\/mangocreativestudio.com\/wp-content\/uploads\/2025\/01\/Web-Site-vs-Social-Media-300x164.webp 300w\" sizes=\"(max-width: 733px) 100vw, 733px\" \/><\/div><\/a>\n\t\t\t\t<div class=\"elementor-post__badge\">SITIOS WEBS<\/div>\n\t\t\t\t<div class=\"elementor-post__avatar\">\n\t\t\t<img alt='Katherine Velasquez Garcia' src='https:\/\/secure.gravatar.com\/avatar\/0f1dbc2c3d46b4ad56dbfdd5a945397e47c09b9179d99096aff87db23704edc7?s=128&#038;d=mm&#038;r=g' srcset='https:\/\/secure.gravatar.com\/avatar\/0f1dbc2c3d46b4ad56dbfdd5a945397e47c09b9179d99096aff87db23704edc7?s=256&#038;d=mm&#038;r=g 2x' class='avatar avatar-128 photo' height='128' width='128' \/>\t\t<\/div>\n\t\t\t\t<div class=\"elementor-post__text\">\n\t\t\t\t<h3 class=\"elementor-post__title\">\n\t\t\t<a href=\"https:\/\/mangocreativestudio.com\/es\/redes-sociales-vs-paginas-webs\/\">\n\t\t\t\t1 Clave para Decidir Si Invertir en Redes Sociales o en una P\u00e1gina web\t\t\t<\/a>\n\t\t<\/h3>\n\t\t\t\t<div class=\"elementor-post__excerpt\">\n\t\t\t<p>1 Clave para Decidir Si Invertir en Redes Sociales o en una P\u00e1gina web En la era digital, muchos emprendedores se enfrentan a la pregunta<\/p>\n\t\t<\/div>\n\t\t\n\t\t<a class=\"elementor-post__read-more\" href=\"https:\/\/mangocreativestudio.com\/es\/redes-sociales-vs-paginas-webs\/\" aria-label=\"M\u00e1s informaci\u00f3n sobre 1 Clave para Decidir Si Invertir en Redes Sociales o en una P\u00e1gina web\" tabindex=\"-1\">\n\t\t\tLeer M\u00e1s \u00bb\t\t<\/a>\n\n\t\t\t\t<\/div>\n\t\t\t\t<div class=\"elementor-post__meta-data\">\n\t\t\t\t\t<span class=\"elementor-post-author\">\n\t\t\tKatherine Velasquez Garcia\t\t<\/span>\n\t\t\t\t<span class=\"elementor-post-date\">\n\t\t\tenero 4, 2025\t\t<\/span>\n\t\t\t\t<\/div>\n\t\t\t\t\t<\/div>\n\t\t<\/article>\n\t\t\t\t<article class=\"elementor-post elementor-grid-item post-5120 post type-post status-publish format-standard has-post-thumbnail hentry category-sitios-webs\" role=\"listitem\">\n\t\t\t<div class=\"elementor-post__card\">\n\t\t\t\t<a class=\"elementor-post__thumbnail__link\" href=\"https:\/\/mangocreativestudio.com\/es\/diseno-de-pagina-web\/\" tabindex=\"-1\"><div class=\"elementor-post__thumbnail\"><img decoding=\"async\" width=\"1408\" height=\"768\" src=\"https:\/\/mangocreativestudio.com\/wp-content\/uploads\/2025\/01\/importancia-de-la-calidad-de-las-imagenes-para-el-diseno-de-tu-pagina-web.webp\" class=\"attachment-full size-full wp-image-5123\" alt=\"importancia de la calidad de las imagenes para el dise\u00f1o de tu p\u00e1gina web\" srcset=\"https:\/\/mangocreativestudio.com\/wp-content\/uploads\/2025\/01\/importancia-de-la-calidad-de-las-imagenes-para-el-diseno-de-tu-pagina-web.webp 1408w, https:\/\/mangocreativestudio.com\/wp-content\/uploads\/2025\/01\/importancia-de-la-calidad-de-las-imagenes-para-el-diseno-de-tu-pagina-web-300x164.webp 300w, https:\/\/mangocreativestudio.com\/wp-content\/uploads\/2025\/01\/importancia-de-la-calidad-de-las-imagenes-para-el-diseno-de-tu-pagina-web-1024x559.webp 1024w, https:\/\/mangocreativestudio.com\/wp-content\/uploads\/2025\/01\/importancia-de-la-calidad-de-las-imagenes-para-el-diseno-de-tu-pagina-web-768x419.webp 768w\" sizes=\"(max-width: 1408px) 100vw, 1408px\" \/><\/div><\/a>\n\t\t\t\t<div class=\"elementor-post__badge\">SITIOS WEBS<\/div>\n\t\t\t\t<div class=\"elementor-post__avatar\">\n\t\t\t<img alt='Katherine Velasquez Garcia' src='https:\/\/secure.gravatar.com\/avatar\/0f1dbc2c3d46b4ad56dbfdd5a945397e47c09b9179d99096aff87db23704edc7?s=128&#038;d=mm&#038;r=g' srcset='https:\/\/secure.gravatar.com\/avatar\/0f1dbc2c3d46b4ad56dbfdd5a945397e47c09b9179d99096aff87db23704edc7?s=256&#038;d=mm&#038;r=g 2x' class='avatar avatar-128 photo' height='128' width='128' \/>\t\t<\/div>\n\t\t\t\t<div class=\"elementor-post__text\">\n\t\t\t\t<h3 class=\"elementor-post__title\">\n\t\t\t<a href=\"https:\/\/mangocreativestudio.com\/es\/diseno-de-pagina-web\/\">\n\t\t\t\tLa importancia de las im\u00e1genes en el dise\u00f1o de p\u00e1gina web\t\t\t<\/a>\n\t\t<\/h3>\n\t\t\t\t<div class=\"elementor-post__excerpt\">\n\t\t\t<p>La importancia de las im\u00e1genes en el dise\u00f1o de p\u00e1gina web En el dise\u00f1o de p\u00e1gina web, las im\u00e1genes son mucho m\u00e1s que simples elementos<\/p>\n\t\t<\/div>\n\t\t\n\t\t<a class=\"elementor-post__read-more\" href=\"https:\/\/mangocreativestudio.com\/es\/diseno-de-pagina-web\/\" aria-label=\"M\u00e1s informaci\u00f3n sobre La importancia de las im\u00e1genes en el dise\u00f1o de p\u00e1gina web\" tabindex=\"-1\">\n\t\t\tLeer M\u00e1s \u00bb\t\t<\/a>\n\n\t\t\t\t<\/div>\n\t\t\t\t<div class=\"elementor-post__meta-data\">\n\t\t\t\t\t<span class=\"elementor-post-author\">\n\t\t\tKatherine Velasquez Garcia\t\t<\/span>\n\t\t\t\t<span class=\"elementor-post-date\">\n\t\t\tenero 21, 2025\t\t<\/span>\n\t\t\t\t<\/div>\n\t\t\t\t\t<\/div>\n\t\t<\/article>\n\t\t\t\t<\/div>\n\t\t\n\t\t\t\t\t\t<\/div>\n\t\t\t\t<\/div>\n\t\t\t\t<\/div>\n\t\t\t\t\t<\/div>\n\t\t\t\t<\/div>\n\t\t<div class=\"elementor-element elementor-element-b7128aa e-flex e-con-boxed e-con e-parent\" data-id=\"b7128aa\" data-element_type=\"container\" id=\"subscribe\">\n\t\t\t\t\t<div class=\"e-con-inner\">\n\t\t\t\t<div class=\"elementor-element elementor-element-184c62f elementor-widget-divider--view-line elementor-widget elementor-widget-divider\" data-id=\"184c62f\" data-element_type=\"widget\" data-widget_type=\"divider.default\">\n\t\t\t\t<div class=\"elementor-widget-container\">\n\t\t\t\t\t\t\t<div class=\"elementor-divider\">\n\t\t\t<span class=\"elementor-divider-separator\">\n\t\t\t\t\t\t<\/span>\n\t\t<\/div>\n\t\t\t\t\t\t<\/div>\n\t\t\t\t<\/div>\n\t\t\t\t\t<\/div>\n\t\t\t\t<\/div>\n\t\t<div class=\"elementor-element elementor-element-9bd8ce6 e-flex e-con-boxed e-con e-parent\" data-id=\"9bd8ce6\" data-element_type=\"container\" data-settings=\"{&quot;background_background&quot;:&quot;classic&quot;}\">\n\t\t\t\t\t<div class=\"e-con-inner\">\n\t\t<div class=\"elementor-element elementor-element-b0bbf87 e-con-full e-flex e-con e-child\" data-id=\"b0bbf87\" data-element_type=\"container\" data-settings=\"{&quot;background_background&quot;:&quot;classic&quot;}\">\n\t\t<div class=\"elementor-element elementor-element-0d2abd5 e-con-full e-flex e-con e-child\" data-id=\"0d2abd5\" data-element_type=\"container\">\n\t\t\t\t<div class=\"elementor-element elementor-element-0a99936 elementor-widget elementor-widget-heading\" data-id=\"0a99936\" data-element_type=\"widget\" data-widget_type=\"heading.default\">\n\t\t\t\t<div class=\"elementor-widget-container\">\n\t\t\t\t\t<div class=\"elementor-heading-title elementor-size-default\">Quiero ser parte de este crecimiento exponencial<\/div>\t\t\t\t<\/div>\n\t\t\t\t<\/div>\n\t\t\t\t<div class=\"elementor-element elementor-element-41f3e68 elementor-tablet-button-align-stretch elementor-button-align-stretch elementor-widget elementor-widget-form\" data-id=\"41f3e68\" data-element_type=\"widget\" data-settings=\"{&quot;step_next_label&quot;:&quot;Siguiente&quot;,&quot;step_previous_label&quot;:&quot;Anterior&quot;,&quot;button_width&quot;:&quot;20&quot;,&quot;button_width_tablet&quot;:&quot;100&quot;,&quot;step_type&quot;:&quot;number_text&quot;,&quot;step_icon_shape&quot;:&quot;circle&quot;}\" data-widget_type=\"form.default\">\n\t\t\t\t<div class=\"elementor-widget-container\">\n\t\t\t\t\t\t\t<form class=\"elementor-form\" method=\"post\" name=\"SUSCR\u00cdBETE\" aria-label=\"SUSCR\u00cdBETE\">\n\t\t\t<input type=\"hidden\" name=\"post_id\" value=\"1579\"\/>\n\t\t\t<input type=\"hidden\" name=\"form_id\" value=\"41f3e68\"\/>\n\t\t\t<input type=\"hidden\" name=\"referer_title\" value=\"BLOG DE EMPRENDEDORES | mangocreativestudio.com\" \/>\n\n\t\t\t\t\t\t\t<input type=\"hidden\" name=\"queried_id\" value=\"1579\"\/>\n\t\t\t\n\t\t\t<div class=\"elementor-form-fields-wrapper elementor-labels-\">\n\t\t\t\t\t\t\t\t<div class=\"elementor-field-type-text elementor-field-group elementor-column elementor-field-group-email elementor-col-40 elementor-md-50 elementor-field-required\">\n\t\t\t\t\t\t\t\t\t\t\t\t<label for=\"form-field-email\" class=\"elementor-field-label elementor-screen-only\">\n\t\t\t\t\t\t\t\tNombre completo\t\t\t\t\t\t\t<\/label>\n\t\t\t\t\t\t\t\t\t\t\t\t\t\t<input size=\"1\" type=\"text\" name=\"form_fields[email]\" id=\"form-field-email\" class=\"elementor-field elementor-size-sm  elementor-field-textual\" placeholder=\"Nombre completo\" required=\"required\">\n\t\t\t\t\t\t\t\t\t\t\t<\/div>\n\t\t\t\t\t\t\t\t<div class=\"elementor-field-type-email elementor-field-group elementor-column elementor-field-group-field_93b5660 elementor-col-40 elementor-md-50 elementor-field-required\">\n\t\t\t\t\t\t\t\t\t\t\t\t<label for=\"form-field-field_93b5660\" class=\"elementor-field-label elementor-screen-only\">\n\t\t\t\t\t\t\t\tCorreo Electr\u00f3nico\t\t\t\t\t\t\t<\/label>\n\t\t\t\t\t\t\t\t\t\t\t\t\t\t<input size=\"1\" type=\"email\" name=\"form_fields[field_93b5660]\" id=\"form-field-field_93b5660\" class=\"elementor-field elementor-size-sm  elementor-field-textual\" placeholder=\"Correo Electr\u00f3nico\" required=\"required\">\n\t\t\t\t\t\t\t\t\t\t\t<\/div>\n\t\t\t\t\t\t\t\t<div class=\"elementor-field-group elementor-column elementor-field-type-submit elementor-col-20 e-form__buttons elementor-md-100\">\n\t\t\t\t\t<button class=\"elementor-button elementor-size-sm elementor-animation-grow\" type=\"submit\">\n\t\t\t\t\t\t<span class=\"elementor-button-content-wrapper\">\n\t\t\t\t\t\t\t\t\t\t\t\t\t\t\t\t\t\t\t\t\t\t<span class=\"elementor-button-text\">ENVIAR<\/span>\n\t\t\t\t\t\t\t\t\t\t\t\t\t<\/span>\n\t\t\t\t\t<\/button>\n\t\t\t\t<\/div>\n\t\t\t<\/div>\n\t\t<\/form>\n\t\t\t\t\t\t<\/div>\n\t\t\t\t<\/div>\n\t\t\t\t<\/div>\n\t\t\t\t<\/div>\n\t\t\t\t\t<\/div>\n\t\t\t\t<\/div>\n\t\t<div class=\"elementor-element elementor-element-e111499 e-flex e-con-boxed e-con e-parent\" data-id=\"e111499\" data-element_type=\"container\">\n\t\t\t\t\t<div class=\"e-con-inner\">\n\t\t\t\t<div class=\"elementor-element elementor-element-16fac02 elementor-widget-divider--view-line elementor-widget elementor-widget-divider\" data-id=\"16fac02\" data-element_type=\"widget\" data-widget_type=\"divider.default\">\n\t\t\t\t<div class=\"elementor-widget-container\">\n\t\t\t\t\t\t\t<div class=\"elementor-divider\">\n\t\t\t<span class=\"elementor-divider-separator\">\n\t\t\t\t\t\t<\/span>\n\t\t<\/div>\n\t\t\t\t\t\t<\/div>\n\t\t\t\t<\/div>\n\t\t\t\t\t<\/div>\n\t\t\t\t<\/div>\n\t\t<div class=\"elementor-element elementor-element-5d40f5b e-flex e-con-boxed e-con e-parent\" data-id=\"5d40f5b\" data-element_type=\"container\">\n\t\t\t\t\t<div class=\"e-con-inner\">\n\t\t\t\t<div class=\"elementor-element elementor-element-7da6200 elementor-widget elementor-widget-spacer\" data-id=\"7da6200\" data-element_type=\"widget\" data-widget_type=\"spacer.default\">\n\t\t\t\t<div class=\"elementor-widget-container\">\n\t\t\t\t\t\t\t<div class=\"elementor-spacer\">\n\t\t\t<div class=\"elementor-spacer-inner\"><\/div>\n\t\t<\/div>\n\t\t\t\t\t\t<\/div>\n\t\t\t\t<\/div>\n\t\t\t\t\t<\/div>\n\t\t\t\t<\/div>\n\t\t\t\t<\/div>\n\t\t","protected":false},"excerpt":{"rendered":"<p>BLOG Este es un espacio para emprendedores en modo on crecimiento, donde aprender\u00e1s conceptos clave y estrategias pr\u00e1cticas que impulsar\u00e1s el \u00e9xito de tu empresa. Cada art\u00edculo est\u00e1 dise\u00f1ado para brindarte el conocimiento necesario y herramientas valiosas que te ayudar\u00e1n a tomar decisiones informadas y a escalar tu negocio de manera efectiva. SUSCR\u00cdBETE Quiero ser [&hellip;]<\/p>\n","protected":false},"author":1,"featured_media":0,"parent":0,"menu_order":0,"comment_status":"closed","ping_status":"closed","template":"","meta":{"inline_featured_image":false,"footnotes":""},"class_list":["post-1579","page","type-page","status-publish","hentry"],"_links":{"self":[{"href":"https:\/\/mangocreativestudio.com\/es\/wp-json\/wp\/v2\/pages\/1579","targetHints":{"allow":["GET"]}}],"collection":[{"href":"https:\/\/mangocreativestudio.com\/es\/wp-json\/wp\/v2\/pages"}],"about":[{"href":"https:\/\/mangocreativestudio.com\/es\/wp-json\/wp\/v2\/types\/page"}],"author":[{"embeddable":true,"href":"https:\/\/mangocreativestudio.com\/es\/wp-json\/wp\/v2\/users\/1"}],"replies":[{"embeddable":true,"href":"https:\/\/mangocreativestudio.com\/es\/wp-json\/wp\/v2\/comments?post=1579"}],"version-history":[{"count":13,"href":"https:\/\/mangocreativestudio.com\/es\/wp-json\/wp\/v2\/pages\/1579\/revisions"}],"predecessor-version":[{"id":5160,"href":"https:\/\/mangocreativestudio.com\/es\/wp-json\/wp\/v2\/pages\/1579\/revisions\/5160"}],"wp:attachment":[{"href":"https:\/\/mangocreativestudio.com\/es\/wp-json\/wp\/v2\/media?parent=1579"}],"curies":[{"name":"wp","href":"https:\/\/api.w.org\/{rel}","templated":true}]}}